{"id":64178,"date":"2022-06-09T16:45:08","date_gmt":"2022-06-09T14:45:08","guid":{"rendered":"https:\/\/www.visitsicily.info\/informacion-sanitaria\/"},"modified":"2022-06-15T11:50:39","modified_gmt":"2022-06-15T09:50:39","slug":"vacacionesseguras","status":"publish","type":"page","link":"https:\/\/visitsicily.altrama.com\/es\/vacacionesseguras\/","title":{"rendered":"Vacaciones seguras"},"content":{"rendered":"<h3><strong>Vacaciones seguras en Sicilia. \u00a1Aqu\u00ed est\u00e1n las nuevas reglas para viajar con total tranquilidad!<\/strong><\/h3>\n<p>Las <strong>reglas<\/strong> se han actualizado y simplificado para todos los viajeros de <strong>pa\u00edses extranjeros<\/strong> que desean ingresar \/ volver a ingresar a Italia.<br \/>\nPara informaci\u00f3n sobre la documentaci\u00f3n a mostrar en la entrada consultar la web del <a href=\"https:\/\/www.salute.gov.it\/portale\/nuovocoronavirus\/dettaglioContenutiNuovoCoronavirus.jsp?lingua=italiano&amp;id=5411&amp;area=nuovoCoronavirus&amp;menu=vuoto&amp;tab=1\"><strong>Ministerio de Sanidad.<\/strong><\/a><\/p>\n<p>Tambi\u00e9n puede obtener la informaci\u00f3n necesaria rellenando, de forma an\u00f3nima, el <a href=\"https:\/\/infocovid.viaggiaresicuri.it\/index.html\"><strong>Cuestionario<\/strong><\/a> en la p\u00e1gina web del Ministerio de Asuntos Exteriores y Cooperaci\u00f3n Internacional.<\/p>\n<p>Para obtener <strong>informaci\u00f3n tur\u00edstica sobre ciudades sicilianas individuales<\/strong>, es posible ponerse en contacto con los <a href=\"\/es\/informazioni-turistiche\/\"><strong>mostradores de informaci\u00f3n<\/strong><\/a> de la zona por correo electr\u00f3nico.<\/p>\n<p>Para i<strong>nformaci\u00f3n tur\u00edstica y actualizaciones sobre todo el territorio nacional<\/strong>, visite la p\u00e1gina del sitio web de <a href=\"http:\/\/www.italia.it\/it\/info-utili-e-faq\/aggiornamenti-covid-19-informazioni-utili-per-i-turisti.html\"><strong>Italia.it Agenzia Nazionale Turismo<\/strong><\/a>.<\/p>\n","protected":false},"excerpt":{"rendered":"<p>Vacaciones seguras en Sicilia. \u00a1Aqu\u00ed est\u00e1n las nuevas reglas para [&hellip;]<\/p>\n","protected":false},"author":32,"featured_media":62550,"parent":0,"menu_order":0,"comment_status":"closed","ping_status":"closed","template":"100-width.php","meta":{"footnotes":""},"acf":[],"yoast_head":"<!-- This site is optimized with the Yoast SEO plugin v22.0 - https:\/\/yoast.com\/wordpress\/plugins\/seo\/ -->\n<title>Vacaciones seguras - Visit Sicily<\/title>\n<meta name=\"description\" content=\"Vacaciones seguras en Sicilia. \u00a1Aqu\u00ed est\u00e1n las nuevas reglas para viajar con total tranquilidad!\" \/>\n<meta name=\"robots\" content=\"noindex, follow, max-snippet:-1, max-image-preview:large, max-video-preview:-1\" \/>\n<meta property=\"og:locale\" content=\"es_ES\" \/>\n<meta property=\"og:type\" content=\"article\" \/>\n<meta property=\"og:title\" content=\"Vacaciones seguras - Visit Sicily\" \/>\n<meta property=\"og:description\" content=\"Vacaciones seguras en Sicilia. \u00a1Aqu\u00ed est\u00e1n las nuevas reglas para viajar con total tranquilidad!\" \/>\n<meta property=\"og:url\" content=\"https:\/\/visitsicily.altrama.com\/es\/vacacionesseguras\/\" \/>\n<meta property=\"og:site_name\" content=\"Visit Sicily\" \/>\n<meta property=\"article:publisher\" content=\"https:\/\/www.facebook.com\/visitsicily.info\/\" \/>\n<meta property=\"article:modified_time\" content=\"2022-06-15T09:50:39+00:00\" \/>\n<meta property=\"og:image\" content=\"https:\/\/visitsicily.altrama.com\/wp-content\/uploads\/2022\/04\/Isulidda-cut.jpg\" \/>\n\t<meta property=\"og:image:width\" content=\"1902\" \/>\n\t<meta property=\"og:image:height\" content=\"656\" \/>\n\t<meta property=\"og:image:type\" content=\"image\/jpeg\" \/>\n<meta name=\"twitter:card\" content=\"summary_large_image\" \/>\n<meta name=\"twitter:site\" content=\"@VisitSicilyOP\" \/>\n<meta name=\"twitter:label1\" content=\"Tiempo de lectura\" \/>\n\t<meta name=\"twitter:data1\" content=\"1 minuto\" \/>\n<script type=\"application\/ld+json\" class=\"yoast-schema-graph\">{\"@context\":\"https:\/\/schema.org\",\"@graph\":[{\"@type\":\"WebPage\",\"@id\":\"https:\/\/visitsicily.altrama.com\/es\/vacacionesseguras\/\",\"url\":\"https:\/\/visitsicily.altrama.com\/es\/vacacionesseguras\/\",\"name\":\"Vacaciones seguras - Visit Sicily\",\"isPartOf\":{\"@id\":\"https:\/\/visitsicily.altrama.com\/es\/#website\"},\"datePublished\":\"2022-06-09T14:45:08+00:00\",\"dateModified\":\"2022-06-15T09:50:39+00:00\",\"description\":\"Vacaciones seguras en Sicilia. \u00a1Aqu\u00ed est\u00e1n las nuevas reglas para viajar con total tranquilidad!\",\"breadcrumb\":{\"@id\":\"https:\/\/visitsicily.altrama.com\/es\/vacacionesseguras\/#breadcrumb\"},\"inLanguage\":\"es\",\"potentialAction\":[{\"@type\":\"ReadAction\",\"target\":[\"https:\/\/visitsicily.altrama.com\/es\/vacacionesseguras\/\"]}]},{\"@type\":\"BreadcrumbList\",\"@id\":\"https:\/\/visitsicily.altrama.com\/es\/vacacionesseguras\/#breadcrumb\",\"itemListElement\":[{\"@type\":\"ListItem\",\"position\":1,\"name\":\"Home\",\"item\":\"https:\/\/visitsicily.altrama.com\/es\/homepage-altrama\/\"},{\"@type\":\"ListItem\",\"position\":2,\"name\":\"Vacaciones seguras\"}]},{\"@type\":\"WebSite\",\"@id\":\"https:\/\/visitsicily.altrama.com\/es\/#website\",\"url\":\"https:\/\/visitsicily.altrama.com\/es\/\",\"name\":\"Visit Sicily\",\"description\":\"Island of art\",\"publisher\":{\"@id\":\"https:\/\/visitsicily.altrama.com\/es\/#organization\"},\"potentialAction\":[{\"@type\":\"SearchAction\",\"target\":{\"@type\":\"EntryPoint\",\"urlTemplate\":\"https:\/\/visitsicily.altrama.com\/es\/?s={search_term_string}\"},\"query-input\":\"required name=search_term_string\"}],\"inLanguage\":\"es\"},{\"@type\":\"Organization\",\"@id\":\"https:\/\/visitsicily.altrama.com\/es\/#organization\",\"name\":\"Regione Siciliana\",\"url\":\"https:\/\/visitsicily.altrama.com\/es\/\",\"logo\":{\"@type\":\"ImageObject\",\"inLanguage\":\"es\",\"@id\":\"https:\/\/visitsicily.altrama.com\/es\/#\/schema\/logo\/image\/\",\"url\":\"https:\/\/visitsicily.altrama.com\/wp-content\/uploads\/2021\/05\/regione-siciliana-logo2.png\",\"contentUrl\":\"https:\/\/visitsicily.altrama.com\/wp-content\/uploads\/2021\/05\/regione-siciliana-logo2.png\",\"width\":200,\"height\":200,\"caption\":\"Regione Siciliana\"},\"image\":{\"@id\":\"https:\/\/visitsicily.altrama.com\/es\/#\/schema\/logo\/image\/\"},\"sameAs\":[\"https:\/\/www.facebook.com\/visitsicily.info\/\",\"https:\/\/twitter.com\/VisitSicilyOP\",\"https:\/\/www.instagram.com\/ig_visitsicily\/\",\"https:\/\/www.pinterest.com\/visitsicilyOP\/followers\/\",\"https:\/\/www.youtube.com\/user\/siciliaturismo\"]}]}<\/script>\n<!-- \/ Yoast SEO plugin. -->","yoast_head_json":{"title":"Vacaciones seguras - Visit Sicily","description":"Vacaciones seguras en Sicilia. \u00a1Aqu\u00ed est\u00e1n las nuevas reglas para viajar con total tranquilidad!","robots":{"index":"noindex","follow":"follow","max-snippet":"max-snippet:-1","max-image-preview":"max-image-preview:large","max-video-preview":"max-video-preview:-1"},"og_locale":"es_ES","og_type":"article","og_title":"Vacaciones seguras - Visit Sicily","og_description":"Vacaciones seguras en Sicilia. \u00a1Aqu\u00ed est\u00e1n las nuevas reglas para viajar con total tranquilidad!","og_url":"https:\/\/visitsicily.altrama.com\/es\/vacacionesseguras\/","og_site_name":"Visit Sicily","article_publisher":"https:\/\/www.facebook.com\/visitsicily.info\/","article_modified_time":"2022-06-15T09:50:39+00:00","og_image":[{"width":1902,"height":656,"url":"https:\/\/visitsicily.altrama.com\/wp-content\/uploads\/2022\/04\/Isulidda-cut.jpg","type":"image\/jpeg"}],"twitter_card":"summary_large_image","twitter_site":"@VisitSicilyOP","twitter_misc":{"Tiempo de lectura":"1 minuto"},"schema":{"@context":"https:\/\/schema.org","@graph":[{"@type":"WebPage","@id":"https:\/\/visitsicily.altrama.com\/es\/vacacionesseguras\/","url":"https:\/\/visitsicily.altrama.com\/es\/vacacionesseguras\/","name":"Vacaciones seguras - Visit Sicily","isPartOf":{"@id":"https:\/\/visitsicily.altrama.com\/es\/#website"},"datePublished":"2022-06-09T14:45:08+00:00","dateModified":"2022-06-15T09:50:39+00:00","description":"Vacaciones seguras en Sicilia. \u00a1Aqu\u00ed est\u00e1n las nuevas reglas para viajar con total tranquilidad!","breadcrumb":{"@id":"https:\/\/visitsicily.altrama.com\/es\/vacacionesseguras\/#breadcrumb"},"inLanguage":"es","potentialAction":[{"@type":"ReadAction","target":["https:\/\/visitsicily.altrama.com\/es\/vacacionesseguras\/"]}]},{"@type":"BreadcrumbList","@id":"https:\/\/visitsicily.altrama.com\/es\/vacacionesseguras\/#breadcrumb","itemListElement":[{"@type":"ListItem","position":1,"name":"Home","item":"https:\/\/visitsicily.altrama.com\/es\/homepage-altrama\/"},{"@type":"ListItem","position":2,"name":"Vacaciones seguras"}]},{"@type":"WebSite","@id":"https:\/\/visitsicily.altrama.com\/es\/#website","url":"https:\/\/visitsicily.altrama.com\/es\/","name":"Visit Sicily","description":"Island of art","publisher":{"@id":"https:\/\/visitsicily.altrama.com\/es\/#organization"},"potentialAction":[{"@type":"SearchAction","target":{"@type":"EntryPoint","urlTemplate":"https:\/\/visitsicily.altrama.com\/es\/?s={search_term_string}"},"query-input":"required name=search_term_string"}],"inLanguage":"es"},{"@type":"Organization","@id":"https:\/\/visitsicily.altrama.com\/es\/#organization","name":"Regione Siciliana","url":"https:\/\/visitsicily.altrama.com\/es\/","logo":{"@type":"ImageObject","inLanguage":"es","@id":"https:\/\/visitsicily.altrama.com\/es\/#\/schema\/logo\/image\/","url":"https:\/\/visitsicily.altrama.com\/wp-content\/uploads\/2021\/05\/regione-siciliana-logo2.png","contentUrl":"https:\/\/visitsicily.altrama.com\/wp-content\/uploads\/2021\/05\/regione-siciliana-logo2.png","width":200,"height":200,"caption":"Regione Siciliana"},"image":{"@id":"https:\/\/visitsicily.altrama.com\/es\/#\/schema\/logo\/image\/"},"sameAs":["https:\/\/www.facebook.com\/visitsicily.info\/","https:\/\/twitter.com\/VisitSicilyOP","https:\/\/www.instagram.com\/ig_visitsicily\/","https:\/\/www.pinterest.com\/visitsicilyOP\/followers\/","https:\/\/www.youtube.com\/user\/siciliaturismo"]}]}},"_links":{"self":[{"href":"https:\/\/visitsicily.altrama.com\/es\/wp-json\/wp\/v2\/pages\/64178"}],"collection":[{"href":"https:\/\/visitsicily.altrama.com\/es\/wp-json\/wp\/v2\/pages"}],"about":[{"href":"https:\/\/visitsicily.altrama.com\/es\/wp-json\/wp\/v2\/types\/page"}],"author":[{"embeddable":true,"href":"https:\/\/visitsicily.altrama.com\/es\/wp-json\/wp\/v2\/users\/32"}],"replies":[{"embeddable":true,"href":"https:\/\/visitsicily.altrama.com\/es\/wp-json\/wp\/v2\/comments?post=64178"}],"version-history":[{"count":3,"href":"https:\/\/visitsicily.altrama.com\/es\/wp-json\/wp\/v2\/pages\/64178\/revisions"}],"predecessor-version":[{"id":64786,"href":"https:\/\/visitsicily.altrama.com\/es\/wp-json\/wp\/v2\/pages\/64178\/revisions\/64786"}],"wp:featuredmedia":[{"embeddable":true,"href":"https:\/\/visitsicily.altrama.com\/es\/wp-json\/wp\/v2\/media\/62550"}],"wp:attachment":[{"href":"https:\/\/visitsicily.altrama.com\/es\/wp-json\/wp\/v2\/media?parent=64178"}],"curies":[{"name":"wp","href":"https:\/\/api.w.org\/{rel}","templated":true}]}}