{"id":47173,"date":"2021-10-25T09:00:43","date_gmt":"2021-10-25T07:00:43","guid":{"rendered":"https:\/\/www.visitsicily.info\/attrazioni\/"},"modified":"2022-06-24T19:26:10","modified_gmt":"2022-06-24T17:26:10","slug":"attrazioni","status":"publish","type":"page","link":"https:\/\/visitsicily.altrama.com\/fr\/attrazioni\/","title":{"rendered":"attrazione-hp"},"content":{"rendered":"<p><section class=\"fusion-fullwidth fullwidth-box fusion-builder-row-1 fusion-flex-container fusion-parallax-none hundred-percent-fullwidth non-hundred-percent-height-scrolling lazyload\" style=\"--awb-background-blend-mode:overlay;--awb-border-radius-top-left:0px;--awb-border-radius-top-right:0px;--awb-border-radius-bottom-right:0px;--awb-border-radius-bottom-left:0px;--awb-min-height:70vh;--awb-background-color:rgba(0,0,0,0.2);--awb-background-size:cover;--awb-flex-wrap:wrap;\" data-bg=\"https:\/\/www.visitsicily.info\/wp-content\/uploads\/2015\/12\/taormina-giardini-barone.jpg\" ><div class=\"fusion-builder-row fusion-row fusion-flex-align-items-center fusion-flex-justify-content-center fusion-flex-content-wrap\" style=\"width:104% !important;max-width:104% !important;margin-left: calc(-4% \/ 2 );margin-right: calc(-4% \/ 2 );\"><div class=\"fusion-layout-column fusion_builder_column fusion-builder-column-0 fusion_builder_column_1_1 1_1 fusion-flex-column fusion-flex-align-self-center\" style=\"--awb-bg-size:cover;--awb-width-large:100%;--awb-margin-top-large:0px;--awb-spacing-right-large:1.92%;--awb-margin-bottom-large:20px;--awb-spacing-left-large:1.92%;--awb-width-medium:100%;--awb-order-medium:0;--awb-spacing-right-medium:1.92%;--awb-spacing-left-medium:1.92%;--awb-width-small:100%;--awb-order-small:0;--awb-spacing-right-small:1.92%;--awb-spacing-left-small:1.92%;\"><div class=\"fusion-column-wrapper fusion-column-has-shadow fusion-flex-justify-content-center fusion-content-layout-column\"><div class=\"fusion-text fusion-text-1\" style=\"--awb-text-transform:none;--awb-text-color:#ffffff;\"><h1 style=\"text-align: center; margin: 0; color: #fff; font-size: 80px;\"><strong>ATTRACTIONS<\/strong><\/h1>\n<h2 style=\"text-align: center; margin: 0; color: #fff;\">Sicile, avant-sc\u00e8ne \u00e0 ciel ouvert<\/h2>\n<\/div><\/div><\/div><\/div><\/section><div class=\"fusion-fullwidth fullwidth-box fusion-builder-row-2 fusion-flex-container nonhundred-percent-fullwidth non-hundred-percent-height-scrolling\" style=\"--awb-border-radius-top-left:0px;--awb-border-radius-top-right:0px;--awb-border-radius-bottom-right:0px;--awb-border-radius-bottom-left:0px;--awb-padding-top:30px;--awb-flex-wrap:wrap;\" ><div class=\"fusion-builder-row fusion-row fusion-flex-align-items-flex-start fusion-flex-content-wrap\" style=\"max-width:1248px;margin-left: calc(-4% \/ 2 );margin-right: calc(-4% \/ 2 );\"><div class=\"fusion-layout-column fusion_builder_column fusion-builder-column-1 fusion_builder_column_1_1 1_1 fusion-flex-column\" style=\"--awb-bg-size:cover;--awb-width-large:100%;--awb-margin-top-large:0px;--awb-spacing-right-large:1.92%;--awb-margin-bottom-large:20px;--awb-spacing-left-large:1.92%;--awb-width-medium:100%;--awb-order-medium:0;--awb-spacing-right-medium:1.92%;--awb-spacing-left-medium:1.92%;--awb-width-small:100%;--awb-order-small:0;--awb-spacing-right-small:1.92%;--awb-spacing-left-small:1.92%;\"><div class=\"fusion-column-wrapper fusion-column-has-shadow fusion-flex-justify-content-flex-start fusion-content-layout-column\"><div class=\"fusion-text fusion-text-2\" style=\"--awb-content-alignment:justify;--awb-font-size:20px;--awb-text-transform:none;--awb-text-font-family:&quot;Poppins&quot;;--awb-text-font-style:normal;--awb-text-font-weight:400;\"><p><span style=\"font-weight: 400;\">Tout voyage qui se respecte commence par un souhait. Et tous vos souhaits se r\u00e9alisent en Sicile.<\/span><\/p>\n<p><span style=\"font-weight: 400;\">Vous souhaitez vous promener dans la grandeur et la majest\u00e9 de la <\/span><a href=\"\/fr\/?p=1231\"><b>Vall\u00e9e des Temples<\/b><\/a><span style=\"font-weight: 400;\">? Restez sans voix devant le \u00ab\u00a0<\/span><i><span style=\"font-weight: 400;\">plus beau joyau religieux r\u00eav\u00e9 par la pens\u00e9e humaine<\/span><\/i><span style=\"font-weight: 400;\">\u00ab\u00a0, la <\/span><a href=\"\/fr\/?p=1309\"><b>Chapelle Palatina<\/b><\/a><span style=\"font-weight: 400;\">? \u00catre aveugl\u00e9 par la beaut\u00e9 blanche et majestueuse de la <\/span><a href=\"\/fr\/?p=1332\"><b>Scala dei Turchi<\/b><\/a><span style=\"font-weight: 400;\"> (l\u2019escalier des turcs)?<\/span><\/p>\n<p><span style=\"font-weight: 400;\">R\u00eave et r\u00e9alit\u00e9, mythe et histoire, fusionnent en une seule dimension. La culture, l&rsquo;art, la nature, cr\u00e9ent quelque chose d&rsquo;unique et d&rsquo;inimitable. Hier et demain s&rsquo;effacent dans un pr\u00e9sent sans fin.<\/span><\/p>\n<p><span style=\"font-weight: 400;\">Des applaudissements tonitruants r\u00e9sonnent des si\u00e8cles plus tard dans <\/span>le<a href=\"\/fr\/?p=37367\"><b> Th\u00e9\u00e2tre antique de Syracuse<\/b><\/a><span style=\"font-weight: 400;\">, les mosa\u00efques de la <\/span><a href=\"\/fr\/?p=2137\"><b>Villa del Casale<\/b><\/a><span style=\"font-weight: 400;\"> racontent le pass\u00e9 glorieux de la Rome imp\u00e9riale, les m\u00e9galithes d&rsquo;<\/span><a href=\"\/fr\/?p=1725\"><b>Argimusco<\/b><\/a><span style=\"font-weight: 400;\"> murmurent dans le vent les origines du temps. Les contempler, ici et maintenant, sera une exp\u00e9rience transcendantale.<\/span><\/p>\n<p><span style=\"font-weight: 400;\">D\u00e9couvrez les <\/span><i><span style=\"font-weight: 400;\">petites s\u0153urs<\/span><\/i><span style=\"font-weight: 400;\"> de la Sicile, les <\/span><b>\u00eeles mineures<\/b><span style=\"font-weight: 400;\">, tout simplement enchanteresses, mais pas deux pareilles. Chacune a son propre caract\u00e8re et son propre charme, plus recul\u00e9 ou plus \u00ab\u00a0<em>scintillant<\/em>\u00ab\u00a0, selon vos go\u00fbts.<\/span><\/p>\n<p><span style=\"font-weight: 400;\">Apr\u00e8s avoir visit\u00e9 <\/span><b><a href=\"\/fr\/?p=2539\">Cefal\u00f9<\/a>, <a href=\"\/fr\/?p=2424\">Noto<\/a>, <a href=\"\/fr\/taormina\/\">Taormina<\/a><\/b><span style=\"font-weight: 400;\">, votre c\u0153ur battra d&rsquo;un rythme nouveau et inattendu : il sera impossible de les oublier, encore moins de les quitter.<\/span><\/p>\n<p><span style=\"font-weight: 400;\">Heureusement, cette \u00eele magn\u00e9tique sera toujours pr\u00eate \u00e0 vous accueillir. Car chaque nouveau d\u00e9sir, un nouveau voyage, et votre insatiable d\u00e9sir d&rsquo;\u00e9merveillement vous m\u00e8nera toujours au bon endroit.<\/span><\/p>\n<\/div><\/div><\/div><\/div><\/div><div class=\"fusion-fullwidth fullwidth-box fusion-builder-row-3 fusion-flex-container nonhundred-percent-fullwidth non-hundred-percent-height-scrolling\" style=\"--awb-border-radius-top-left:0px;--awb-border-radius-top-right:0px;--awb-border-radius-bottom-right:0px;--awb-border-radius-bottom-left:0px;--awb-padding-right-medium:15px;--awb-padding-left-medium:15px;--awb-flex-wrap:wrap;\" id=\"detail-related-block\" ><div class=\"fusion-builder-row fusion-row fusion-flex-align-items-flex-start fusion-flex-content-wrap\" style=\"max-width:1248px;margin-left: calc(-4% \/ 2 );margin-right: calc(-4% \/ 2 );\"><div class=\"fusion-layout-column fusion_builder_column fusion-builder-column-2 fusion_builder_column_1_1 1_1 fusion-flex-column\" style=\"--awb-bg-size:cover;--awb-width-large:100%;--awb-margin-top-large:0px;--awb-spacing-right-large:1.92%;--awb-margin-bottom-large:20px;--awb-spacing-left-large:1.92%;--awb-width-medium:100%;--awb-order-medium:0;--awb-spacing-right-medium:1.92%;--awb-spacing-left-medium:1.92%;--awb-width-small:100%;--awb-order-small:0;--awb-spacing-right-small:1.92%;--awb-spacing-left-small:1.92%;\"><div class=\"fusion-column-wrapper fusion-column-has-shadow fusion-flex-justify-content-flex-start fusion-content-layout-column\"><div class=\"fusion-text fusion-text-3 fusion-text-no-margin\" style=\"--awb-content-alignment:center;--awb-font-size:40px;--awb-text-transform:uppercase;--awb-text-color:#000000;--awb-margin-bottom:40px;--awb-text-font-family:&quot;Poppins&quot;;--awb-text-font-style:normal;--awb-text-font-weight:700;\"><p>EN <span style=\"color: #df5c40;\">\u00c9VIDENCE<\/span><\/p>\n<\/div><div class=\"fusion-post-cards fusion-post-cards-1 fusion-grid-archive fusion-grid-columns-3\" style=\"--awb-column-spacing:10px;--awb-columns:3;--awb-row-spacing:10px;\" id=\"detail-related\"><ul class=\"fusion-grid fusion-grid-3 fusion-flex-align-items-flex-start fusion-grid-posts-cards\"><li class=\"fusion-layout-column fusion_builder_column fusion-builder-column-3 fusion-flex-column fusion-column-inner-bg-wrapper post-card fusion-grid-column fusion-post-cards-grid-column\" style=\"--awb-inner-bg-position:center center;--awb-inner-bg-blend:overlay;--awb-inner-bg-size:cover;\"><span class=\"fusion-column-inner-bg hover-type-none\"><a class=\"fusion-column-anchor\" href=\"https:\/\/visitsicily.altrama.com\/fr\/attrazione\/ancienne-thonerie-tonnara-florio-de-favignana-et-formica\/\" aria-label=\"Ancienne thonerie (Tonnara) Florio de Favignana et Formica\"><span class=\"fusion-column-inner-bg-image\"><\/span><\/a><\/span><div class=\"fusion-column-wrapper fusion-column-has-shadow fusion-flex-justify-content-center fusion-content-layout-column\"><div class=\"fusion-builder-row fusion-builder-row-inner fusion-row fusion-flex-align-items-flex-start fusion-flex-content-wrap\" style=\"width:104% !important;max-width:104% !important;margin-left: calc(-4% \/ 2 );margin-right: calc(-4% \/ 2 );\"><div class=\"fusion-layout-column fusion_builder_column_inner fusion-builder-nested-column-0 fusion_builder_column_inner_1_1 1_1 fusion-flex-column\" style=\"--awb-bg-color:#777777;--awb-bg-color-hover:#777777;--awb-bg-position:center center;--awb-bg-size:cover;--awb-width-large:100%;--awb-margin-top-large:0px;--awb-spacing-right-large:1.92%;--awb-margin-bottom-large:20px;--awb-spacing-left-large:1.92%;--awb-width-medium:100%;--awb-order-medium:0;--awb-spacing-right-medium:1.92%;--awb-spacing-left-medium:1.92%;--awb-width-small:100%;--awb-order-small:0;--awb-spacing-right-small:1.92%;--awb-spacing-left-small:1.92%;\"><div class=\"fusion-column-wrapper lazyload fusion-column-has-shadow fusion-flex-justify-content-flex-start fusion-content-layout-column fusion-column-has-bg-image\" data-bg-url=\"https:\/\/visitsicily.altrama.com\/wp-content\/uploads\/2018\/02\/x-FAVIGNANA2.jpg\" data-bg=\"https:\/\/visitsicily.altrama.com\/wp-content\/uploads\/2018\/02\/x-FAVIGNANA2.jpg\"><i class=\"fb-icon-element fontawesome-icon fas circle-yes fa-place-of-worship\" style=\"font-size:20px;line-height:38px;height:40px;width:40px;border-width:1px;border-radius:50% 50% 50% 50%; position: absolute; right: 0; margin: 10px;\"><\/i><div class=\"fusion-image-element \" style=\"--awb-caption-title-font-family:var(--h2_typography-font-family);--awb-caption-title-font-weight:var(--h2_typography-font-weight);--awb-caption-title-font-style:var(--h2_typography-font-style);--awb-caption-title-size:var(--h2_typography-font-size);--awb-caption-title-transform:var(--h2_typography-text-transform);--awb-caption-title-line-height:var(--h2_typography-line-height);--awb-caption-title-letter-spacing:var(--h2_typography-letter-spacing);--awb-filter:opacity(0%);--awb-filter-transition:filter 0.3s ease;--awb-filter-hover:opacity(0%);\"><span class=\" fusion-imageframe imageframe-none imageframe-1 hover-type-none\"><img decoding=\"async\" width=\"400\" height=\"400\" title=\"400&#215;400\" src=\"https:\/\/visitsicily.altrama.com\/wp-content\/uploads\/2021\/11\/400x400.png\" data-orig-src=\"https:\/\/www.visitsicily.info\/wp-content\/uploads\/2021\/11\/400x400.png\" alt class=\"lazyload img-responsive wp-image-43702\" srcset=\"data:image\/svg+xml,%3Csvg%20xmlns%3D%27http%3A%2F%2Fwww.w3.org%2F2000%2Fsvg%27%20width%3D%27400%27%20height%3D%27400%27%20viewBox%3D%270%200%20400%20400%27%3E%3Crect%20width%3D%27400%27%20height%3D%27400%27%20fill-opacity%3D%220%22%2F%3E%3C%2Fsvg%3E\" data-srcset=\"https:\/\/visitsicily.altrama.com\/wp-content\/uploads\/2021\/11\/400x400-200x200.png 200w, https:\/\/visitsicily.altrama.com\/wp-content\/uploads\/2021\/11\/400x400.png 400w\" data-sizes=\"auto\" data-orig-sizes=\"(max-width: 1024px) 100vw, (max-width: 640px) 100vw, 400px\" \/><\/span><\/div><div class=\"fusion-text fusion-text-3 fusion-text-no-margin category-tag\" style=\"color:#ffffff;\"><p><a title=\"Lieux de culture\">Lieux de culture<\/a><\/p><\/div><\/div><\/div><\/div><div class=\"fusion-text fusion-text-4 fusion-text-no-margin\" style=\"--awb-font-size:20px;--awb-line-height:1;--awb-text-transform:uppercase;--awb-text-color:#ff9f49;--awb-margin-bottom:5px;--awb-text-font-family:&quot;Poppins&quot;;--awb-text-font-style:normal;--awb-text-font-weight:700;\"><p>Ancienne thonerie (Tonnara) Florio de Favignana et Formica<\/p>\n<\/div><p>  Ancienne thonerie (Tonnara) Florio de Favignana et Formica\n\nL\u2019ancienne usine Florio de Favignana et Formica est une ancienne thonerie \u00ab\u00a0d\u2019aller\u00a0\u00bb, parmi [...]<\/p><\/div><\/li>\n<li class=\"fusion-layout-column fusion_builder_column fusion-builder-column-4 fusion-flex-column fusion-column-inner-bg-wrapper post-card fusion-grid-column fusion-post-cards-grid-column\" style=\"--awb-inner-bg-position:center center;--awb-inner-bg-blend:overlay;--awb-inner-bg-size:cover;\"><span class=\"fusion-column-inner-bg hover-type-none\"><a class=\"fusion-column-anchor\" href=\"https:\/\/visitsicily.altrama.com\/fr\/attrazione\/theatre-antique-de-catane\/\" aria-label=\"Th\u00e9\u00e2tre antique de Catane\"><span class=\"fusion-column-inner-bg-image\"><\/span><\/a><\/span><div class=\"fusion-column-wrapper fusion-column-has-shadow fusion-flex-justify-content-center fusion-content-layout-column\"><div class=\"fusion-builder-row fusion-builder-row-inner fusion-row fusion-flex-align-items-flex-start fusion-flex-content-wrap\" style=\"width:104% !important;max-width:104% !important;margin-left: calc(-4% \/ 2 );margin-right: calc(-4% \/ 2 );\"><div class=\"fusion-layout-column fusion_builder_column_inner fusion-builder-nested-column-1 fusion_builder_column_inner_1_1 1_1 fusion-flex-column\" style=\"--awb-bg-color:#777777;--awb-bg-color-hover:#777777;--awb-bg-position:center center;--awb-bg-size:cover;--awb-width-large:100%;--awb-margin-top-large:0px;--awb-spacing-right-large:1.92%;--awb-margin-bottom-large:20px;--awb-spacing-left-large:1.92%;--awb-width-medium:100%;--awb-order-medium:0;--awb-spacing-right-medium:1.92%;--awb-spacing-left-medium:1.92%;--awb-width-small:100%;--awb-order-small:0;--awb-spacing-right-small:1.92%;--awb-spacing-left-small:1.92%;\"><div class=\"fusion-column-wrapper lazyload fusion-column-has-shadow fusion-flex-justify-content-flex-start fusion-content-layout-column fusion-column-has-bg-image\" data-bg-url=\"https:\/\/visitsicily.altrama.com\/wp-content\/uploads\/2019\/08\/teatro-greco-catania-scaled.jpg\" data-bg=\"https:\/\/visitsicily.altrama.com\/wp-content\/uploads\/2019\/08\/teatro-greco-catania-scaled.jpg\"><i class=\"fb-icon-element fontawesome-icon fas circle-yes fa-place-of-worship\" style=\"font-size:20px;line-height:38px;height:40px;width:40px;border-width:1px;border-radius:50% 50% 50% 50%; position: absolute; right: 0; margin: 10px;\"><\/i><div class=\"fusion-image-element \" style=\"--awb-caption-title-font-family:var(--h2_typography-font-family);--awb-caption-title-font-weight:var(--h2_typography-font-weight);--awb-caption-title-font-style:var(--h2_typography-font-style);--awb-caption-title-size:var(--h2_typography-font-size);--awb-caption-title-transform:var(--h2_typography-text-transform);--awb-caption-title-line-height:var(--h2_typography-line-height);--awb-caption-title-letter-spacing:var(--h2_typography-letter-spacing);--awb-filter:opacity(0%);--awb-filter-transition:filter 0.3s ease;--awb-filter-hover:opacity(0%);\"><span class=\" fusion-imageframe imageframe-none imageframe-2 hover-type-none\"><img decoding=\"async\" width=\"400\" height=\"400\" title=\"400&#215;400\" src=\"https:\/\/visitsicily.altrama.com\/wp-content\/uploads\/2021\/11\/400x400.png\" data-orig-src=\"https:\/\/www.visitsicily.info\/wp-content\/uploads\/2021\/11\/400x400.png\" alt class=\"lazyload img-responsive wp-image-43702\" srcset=\"data:image\/svg+xml,%3Csvg%20xmlns%3D%27http%3A%2F%2Fwww.w3.org%2F2000%2Fsvg%27%20width%3D%27400%27%20height%3D%27400%27%20viewBox%3D%270%200%20400%20400%27%3E%3Crect%20width%3D%27400%27%20height%3D%27400%27%20fill-opacity%3D%220%22%2F%3E%3C%2Fsvg%3E\" data-srcset=\"https:\/\/visitsicily.altrama.com\/wp-content\/uploads\/2021\/11\/400x400-200x200.png 200w, https:\/\/visitsicily.altrama.com\/wp-content\/uploads\/2021\/11\/400x400.png 400w\" data-sizes=\"auto\" data-orig-sizes=\"(max-width: 1024px) 100vw, (max-width: 640px) 100vw, 400px\" \/><\/span><\/div><div class=\"fusion-text fusion-text-3 fusion-text-no-margin category-tag\" style=\"color:#ffffff;\"><p><a title=\"L'art en Sicile\">L'art en Sicile<\/a><a title=\"Sicile arch\u00e9ologique\">Sicile arch\u00e9ologique<\/a><\/p><\/div><\/div><\/div><\/div><div class=\"fusion-text fusion-text-5 fusion-text-no-margin\" style=\"--awb-font-size:20px;--awb-line-height:1;--awb-text-transform:uppercase;--awb-text-color:#ff9f49;--awb-margin-bottom:5px;--awb-text-font-family:&quot;Poppins&quot;;--awb-text-font-style:normal;--awb-text-font-weight:700;\"><p>Th\u00e9\u00e2tre antique de Catane<\/p>\n<\/div><p>  Il faut d\u00e9couvrir Catane, tellement stimulante et contradictoire, effront\u00e9e avec un baroque opulent, mais timide avec l\u2019enchantement de lieux qui [...]<\/p><\/div><\/li>\n<\/ul><\/div><div style=\"text-align:center;\"><a class=\"fusion-button button-flat fusion-button-default-size button-default fusion-button-default button-1 fusion-button-default-span \" style=\"--button_text_transform:uppercase;\" target=\"_self\" href=\"\/fr\/attrazione\/\"><span class=\"fusion-button-text\">VOIR TOUT<\/span><\/a><\/div><\/div><\/div><\/div><\/div><\/p>\n","protected":false},"excerpt":{"rendered":"","protected":false},"author":33,"featured_media":0,"parent":0,"menu_order":0,"comment_status":"closed","ping_status":"closed","template":"100-width.php","meta":{"footnotes":""},"acf":[],"yoast_head":"<!-- This site is optimized with the Yoast SEO plugin v22.0 - https:\/\/yoast.com\/wordpress\/plugins\/seo\/ -->\n<title>Attractions - Visit Sicily<\/title>\n<meta name=\"description\" content=\"Tout voyage qui se respecte commence par un souhait. Et tous vos souhaits se r\u00e9alisent en Sicile.\" \/>\n<meta name=\"robots\" content=\"noindex, follow, max-snippet:-1, max-image-preview:large, max-video-preview:-1\" \/>\n<meta property=\"og:locale\" content=\"fr_FR\" \/>\n<meta property=\"og:type\" content=\"article\" \/>\n<meta property=\"og:title\" content=\"Attractions - Visit Sicily\" \/>\n<meta property=\"og:description\" content=\"Tout voyage qui se respecte commence par un souhait. Et tous vos souhaits se r\u00e9alisent en Sicile.\" \/>\n<meta property=\"og:url\" content=\"https:\/\/visitsicily.altrama.com\/fr\/attrazioni\/\" \/>\n<meta property=\"og:site_name\" content=\"Visit Sicily\" \/>\n<meta property=\"article:publisher\" content=\"https:\/\/www.facebook.com\/visitsicily.info\/\" \/>\n<meta property=\"article:modified_time\" content=\"2022-06-24T17:26:10+00:00\" \/>\n<meta property=\"og:image\" content=\"https:\/\/visitsicily.altrama.com\/wp-content\/uploads\/2021\/12\/Schermata-2021-12-06-alle-14.51.18-1024x603.png\" \/>\n\t<meta property=\"og:image:width\" content=\"1024\" \/>\n\t<meta property=\"og:image:height\" content=\"603\" \/>\n\t<meta property=\"og:image:type\" content=\"image\/png\" \/>\n<meta name=\"twitter:card\" content=\"summary_large_image\" \/>\n<meta name=\"twitter:site\" content=\"@VisitSicilyOP\" \/>\n<meta name=\"twitter:label1\" content=\"Dur\u00e9e de lecture estim\u00e9e\" \/>\n\t<meta name=\"twitter:data1\" content=\"6 minutes\" \/>\n<script type=\"application\/ld+json\" class=\"yoast-schema-graph\">{\"@context\":\"https:\/\/schema.org\",\"@graph\":[{\"@type\":\"WebPage\",\"@id\":\"https:\/\/visitsicily.altrama.com\/fr\/attrazioni\/\",\"url\":\"https:\/\/visitsicily.altrama.com\/fr\/attrazioni\/\",\"name\":\"Attractions - Visit Sicily\",\"isPartOf\":{\"@id\":\"https:\/\/visitsicily.altrama.com\/fr\/#website\"},\"datePublished\":\"2021-10-25T07:00:43+00:00\",\"dateModified\":\"2022-06-24T17:26:10+00:00\",\"description\":\"Tout voyage qui se respecte commence par un souhait. Et tous vos souhaits se r\u00e9alisent en Sicile.\",\"breadcrumb\":{\"@id\":\"https:\/\/visitsicily.altrama.com\/fr\/attrazioni\/#breadcrumb\"},\"inLanguage\":\"fr-FR\",\"potentialAction\":[{\"@type\":\"ReadAction\",\"target\":[\"https:\/\/visitsicily.altrama.com\/fr\/attrazioni\/\"]}]},{\"@type\":\"BreadcrumbList\",\"@id\":\"https:\/\/visitsicily.altrama.com\/fr\/attrazioni\/#breadcrumb\",\"itemListElement\":[{\"@type\":\"ListItem\",\"position\":1,\"name\":\"Home\",\"item\":\"https:\/\/visitsicily.altrama.com\/fr\/homepage-altrama\/\"},{\"@type\":\"ListItem\",\"position\":2,\"name\":\"attrazione-hp\"}]},{\"@type\":\"WebSite\",\"@id\":\"https:\/\/visitsicily.altrama.com\/fr\/#website\",\"url\":\"https:\/\/visitsicily.altrama.com\/fr\/\",\"name\":\"Visit Sicily\",\"description\":\"Island of art\",\"publisher\":{\"@id\":\"https:\/\/visitsicily.altrama.com\/fr\/#organization\"},\"potentialAction\":[{\"@type\":\"SearchAction\",\"target\":{\"@type\":\"EntryPoint\",\"urlTemplate\":\"https:\/\/visitsicily.altrama.com\/fr\/?s={search_term_string}\"},\"query-input\":\"required name=search_term_string\"}],\"inLanguage\":\"fr-FR\"},{\"@type\":\"Organization\",\"@id\":\"https:\/\/visitsicily.altrama.com\/fr\/#organization\",\"name\":\"Regione Siciliana\",\"url\":\"https:\/\/visitsicily.altrama.com\/fr\/\",\"logo\":{\"@type\":\"ImageObject\",\"inLanguage\":\"fr-FR\",\"@id\":\"https:\/\/visitsicily.altrama.com\/fr\/#\/schema\/logo\/image\/\",\"url\":\"https:\/\/visitsicily.altrama.com\/wp-content\/uploads\/2021\/05\/regione-siciliana-logo2.png\",\"contentUrl\":\"https:\/\/visitsicily.altrama.com\/wp-content\/uploads\/2021\/05\/regione-siciliana-logo2.png\",\"width\":200,\"height\":200,\"caption\":\"Regione Siciliana\"},\"image\":{\"@id\":\"https:\/\/visitsicily.altrama.com\/fr\/#\/schema\/logo\/image\/\"},\"sameAs\":[\"https:\/\/www.facebook.com\/visitsicily.info\/\",\"https:\/\/twitter.com\/VisitSicilyOP\",\"https:\/\/www.instagram.com\/ig_visitsicily\/\",\"https:\/\/www.pinterest.com\/visitsicilyOP\/followers\/\",\"https:\/\/www.youtube.com\/user\/siciliaturismo\"]}]}<\/script>\n<!-- \/ Yoast SEO plugin. -->","yoast_head_json":{"title":"Attractions - Visit Sicily","description":"Tout voyage qui se respecte commence par un souhait. Et tous vos souhaits se r\u00e9alisent en Sicile.","robots":{"index":"noindex","follow":"follow","max-snippet":"max-snippet:-1","max-image-preview":"max-image-preview:large","max-video-preview":"max-video-preview:-1"},"og_locale":"fr_FR","og_type":"article","og_title":"Attractions - Visit Sicily","og_description":"Tout voyage qui se respecte commence par un souhait. Et tous vos souhaits se r\u00e9alisent en Sicile.","og_url":"https:\/\/visitsicily.altrama.com\/fr\/attrazioni\/","og_site_name":"Visit Sicily","article_publisher":"https:\/\/www.facebook.com\/visitsicily.info\/","article_modified_time":"2022-06-24T17:26:10+00:00","og_image":[{"width":1024,"height":603,"url":"https:\/\/visitsicily.altrama.com\/wp-content\/uploads\/2021\/12\/Schermata-2021-12-06-alle-14.51.18-1024x603.png","type":"image\/png"}],"twitter_card":"summary_large_image","twitter_site":"@VisitSicilyOP","twitter_misc":{"Dur\u00e9e de lecture estim\u00e9e":"6 minutes"},"schema":{"@context":"https:\/\/schema.org","@graph":[{"@type":"WebPage","@id":"https:\/\/visitsicily.altrama.com\/fr\/attrazioni\/","url":"https:\/\/visitsicily.altrama.com\/fr\/attrazioni\/","name":"Attractions - Visit Sicily","isPartOf":{"@id":"https:\/\/visitsicily.altrama.com\/fr\/#website"},"datePublished":"2021-10-25T07:00:43+00:00","dateModified":"2022-06-24T17:26:10+00:00","description":"Tout voyage qui se respecte commence par un souhait. Et tous vos souhaits se r\u00e9alisent en Sicile.","breadcrumb":{"@id":"https:\/\/visitsicily.altrama.com\/fr\/attrazioni\/#breadcrumb"},"inLanguage":"fr-FR","potentialAction":[{"@type":"ReadAction","target":["https:\/\/visitsicily.altrama.com\/fr\/attrazioni\/"]}]},{"@type":"BreadcrumbList","@id":"https:\/\/visitsicily.altrama.com\/fr\/attrazioni\/#breadcrumb","itemListElement":[{"@type":"ListItem","position":1,"name":"Home","item":"https:\/\/visitsicily.altrama.com\/fr\/homepage-altrama\/"},{"@type":"ListItem","position":2,"name":"attrazione-hp"}]},{"@type":"WebSite","@id":"https:\/\/visitsicily.altrama.com\/fr\/#website","url":"https:\/\/visitsicily.altrama.com\/fr\/","name":"Visit Sicily","description":"Island of art","publisher":{"@id":"https:\/\/visitsicily.altrama.com\/fr\/#organization"},"potentialAction":[{"@type":"SearchAction","target":{"@type":"EntryPoint","urlTemplate":"https:\/\/visitsicily.altrama.com\/fr\/?s={search_term_string}"},"query-input":"required name=search_term_string"}],"inLanguage":"fr-FR"},{"@type":"Organization","@id":"https:\/\/visitsicily.altrama.com\/fr\/#organization","name":"Regione Siciliana","url":"https:\/\/visitsicily.altrama.com\/fr\/","logo":{"@type":"ImageObject","inLanguage":"fr-FR","@id":"https:\/\/visitsicily.altrama.com\/fr\/#\/schema\/logo\/image\/","url":"https:\/\/visitsicily.altrama.com\/wp-content\/uploads\/2021\/05\/regione-siciliana-logo2.png","contentUrl":"https:\/\/visitsicily.altrama.com\/wp-content\/uploads\/2021\/05\/regione-siciliana-logo2.png","width":200,"height":200,"caption":"Regione Siciliana"},"image":{"@id":"https:\/\/visitsicily.altrama.com\/fr\/#\/schema\/logo\/image\/"},"sameAs":["https:\/\/www.facebook.com\/visitsicily.info\/","https:\/\/twitter.com\/VisitSicilyOP","https:\/\/www.instagram.com\/ig_visitsicily\/","https:\/\/www.pinterest.com\/visitsicilyOP\/followers\/","https:\/\/www.youtube.com\/user\/siciliaturismo"]}]}},"_links":{"self":[{"href":"https:\/\/visitsicily.altrama.com\/fr\/wp-json\/wp\/v2\/pages\/47173"}],"collection":[{"href":"https:\/\/visitsicily.altrama.com\/fr\/wp-json\/wp\/v2\/pages"}],"about":[{"href":"https:\/\/visitsicily.altrama.com\/fr\/wp-json\/wp\/v2\/types\/page"}],"author":[{"embeddable":true,"href":"https:\/\/visitsicily.altrama.com\/fr\/wp-json\/wp\/v2\/users\/33"}],"replies":[{"embeddable":true,"href":"https:\/\/visitsicily.altrama.com\/fr\/wp-json\/wp\/v2\/comments?post=47173"}],"version-history":[{"count":10,"href":"https:\/\/visitsicily.altrama.com\/fr\/wp-json\/wp\/v2\/pages\/47173\/revisions"}],"predecessor-version":[{"id":65091,"href":"https:\/\/visitsicily.altrama.com\/fr\/wp-json\/wp\/v2\/pages\/47173\/revisions\/65091"}],"wp:attachment":[{"href":"https:\/\/visitsicily.altrama.com\/fr\/wp-json\/wp\/v2\/media?parent=47173"}],"curies":[{"name":"wp","href":"https:\/\/api.w.org\/{rel}","templated":true}]}}