{"id":47189,"date":"2021-10-25T09:00:43","date_gmt":"2021-10-25T07:00:43","guid":{"rendered":"https:\/\/www.visitsicily.info\/attrazioni-3\/"},"modified":"2022-06-24T19:58:21","modified_gmt":"2022-06-24T17:58:21","slug":"sapori","status":"publish","type":"page","link":"https:\/\/visitsicily.altrama.com\/fr\/sapori\/","title":{"rendered":"sapore-hp"},"content":{"rendered":"<p><section class=\"fusion-fullwidth fullwidth-box fusion-builder-row-1 fusion-flex-container fusion-parallax-none hundred-percent-fullwidth non-hundred-percent-height-scrolling lazyload\" style=\"--awb-background-blend-mode:overlay;--awb-border-radius-top-left:0px;--awb-border-radius-top-right:0px;--awb-border-radius-bottom-right:0px;--awb-border-radius-bottom-left:0px;--awb-min-height:70vh;--awb-background-color:rgba(0,0,0,0.2);--awb-background-size:cover;--awb-flex-wrap:wrap;\" data-bg=\"https:\/\/www.visitsicily.info\/wp-content\/uploads\/2015\/11\/sapori-barone.jpeg\" ><div class=\"fusion-builder-row fusion-row fusion-flex-align-items-center fusion-flex-justify-content-center fusion-flex-content-wrap\" style=\"width:104% !important;max-width:104% !important;margin-left: calc(-4% \/ 2 );margin-right: calc(-4% \/ 2 );\"><div class=\"fusion-layout-column fusion_builder_column fusion-builder-column-0 fusion_builder_column_1_1 1_1 fusion-flex-column fusion-flex-align-self-center\" style=\"--awb-bg-size:cover;--awb-width-large:100%;--awb-margin-top-large:0px;--awb-spacing-right-large:1.92%;--awb-margin-bottom-large:20px;--awb-spacing-left-large:1.92%;--awb-width-medium:100%;--awb-order-medium:0;--awb-spacing-right-medium:1.92%;--awb-spacing-left-medium:1.92%;--awb-width-small:100%;--awb-order-small:0;--awb-spacing-right-small:1.92%;--awb-spacing-left-small:1.92%;\"><div class=\"fusion-column-wrapper fusion-column-has-shadow fusion-flex-justify-content-center fusion-content-layout-column\"><div class=\"fusion-text fusion-text-1\" style=\"--awb-text-transform:none;--awb-text-color:#ffffff;\"><h1 style=\"text-align: center; margin: 0; color: #fff; font-size: 80px;\"><strong>LES SAVEURS<\/strong><\/h1>\n<h2 style=\"text-align: center; margin: 0; color: #fff;\">La Sicile \u00e0 ne pas manquer<\/h2>\n<\/div><\/div><\/div><\/div><\/section><div class=\"fusion-fullwidth fullwidth-box fusion-builder-row-2 fusion-flex-container nonhundred-percent-fullwidth non-hundred-percent-height-scrolling\" style=\"--awb-border-radius-top-left:0px;--awb-border-radius-top-right:0px;--awb-border-radius-bottom-right:0px;--awb-border-radius-bottom-left:0px;--awb-padding-top:30px;--awb-flex-wrap:wrap;\" ><div class=\"fusion-builder-row fusion-row fusion-flex-align-items-flex-start fusion-flex-content-wrap\" style=\"max-width:1248px;margin-left: calc(-4% \/ 2 );margin-right: calc(-4% \/ 2 );\"><div class=\"fusion-layout-column fusion_builder_column fusion-builder-column-1 fusion_builder_column_1_1 1_1 fusion-flex-column\" style=\"--awb-bg-size:cover;--awb-width-large:100%;--awb-margin-top-large:0px;--awb-spacing-right-large:1.92%;--awb-margin-bottom-large:20px;--awb-spacing-left-large:1.92%;--awb-width-medium:100%;--awb-order-medium:0;--awb-spacing-right-medium:1.92%;--awb-spacing-left-medium:1.92%;--awb-width-small:100%;--awb-order-small:0;--awb-spacing-right-small:1.92%;--awb-spacing-left-small:1.92%;\"><div class=\"fusion-column-wrapper fusion-column-has-shadow fusion-flex-justify-content-flex-start fusion-content-layout-column\"><div class=\"fusion-text fusion-text-2\" style=\"--awb-content-alignment:justify;--awb-font-size:20px;--awb-text-transform:none;--awb-text-font-family:&quot;Poppins&quot;;--awb-text-font-style:normal;--awb-text-font-weight:400;\"><p><span style=\"font-weight: 400;\">Laissez-vous envahir par les saveurs, les formes, les parfums et les couleurs de la cuisine sicilienne, symbole du vrai plaisir de la table dans le monde entier !<\/span><\/p>\n<p><span style=\"font-weight: 400;\">L&rsquo;authenticit\u00e9 des ricotta locales est mise en valeur par <\/span>les<b><a href=\"\/fr\/?p=3186\"> cannoli<\/a>, <\/b>les<b><a href=\"\/fr\/?p=14692\"> sfinci <\/a><\/b>et les<a href=\"\/fr\/?p=3183\"><b> cassata<\/b><\/a><span style=\"font-weight: 400;\">. La d\u00e9gustation d&rsquo;un des nombreux parfums de granit\u00e9, accompagn\u00e9e d&rsquo;une brioche chaude, suffira \u00e0 prouver que c&rsquo;est bien le meilleur du monde !<\/span><\/p>\n<p><span style=\"font-weight: 400;\">Vous d\u00e9couvrirez que ces excellents produits n&rsquo;ont pas besoin d&rsquo;\u00eatre pr\u00e9sent\u00e9s : l&rsquo;<\/span><a href=\"\/fr\/?p=38702\"><b>amande<\/b><\/a><span style=\"font-weight: 400;\"> est la reine d&rsquo;<\/span><b>Avola<\/b><span style=\"font-weight: 400;\">, <\/span><b><i>l&rsquo;or vert de la <a href=\"\/fr\/?p=3615\">pistache<\/a><\/i><\/b><span style=\"font-weight: 400;\"> couronne <\/span><b>Bronte<\/b><span style=\"font-weight: 400;\">, la <\/span><a href=\"\/fr\/?p=3812\"><b>tomate Pachino<\/b><\/a><span style=\"font-weight: 400;\"> emprisonne dans sa pulpe tous les rayons du soleil.\u00a0\u00a0<\/span><\/p>\n<p><span style=\"font-weight: 400;\">Les <\/span><a href=\"\/fr\/?p=23140\"><b>oranges sanguines<\/b><\/a><span style=\"font-weight: 400;\"> les plus juteuses comblent le foss\u00e9 entre le sucr\u00e9 et le sal\u00e9. Tout comme <\/span><b>l\u2019or rouge<\/b><span style=\"font-weight: 400;\"> contenu dans la fleur du meilleur <\/span><a href=\"\/fr\/?p=47896\"><b>safran<\/b><\/a><span style=\"font-weight: 400;\">. Et l&rsquo;or coul\u00e9 est <\/span>l&rsquo;<a href=\"\/fr\/?p=47975\"><b>huile de Sicile<\/b><\/a><span style=\"font-weight: 400;\">, avec ses innombrables vari\u00e9t\u00e9s parfaites pour toutes les occasions.<\/span><\/p>\n<p><a href=\"\/fr\/?p=48153\"><b>Champignons et truffes<\/b><\/a><span style=\"font-weight: 400;\"> rencontrent des <\/span><b>viandes locales<\/b><span style=\"font-weight: 400;\">, aux textures qui subliment le palais, inimitables et donc tr\u00e8s recherch\u00e9es, comme <\/span><b>le cochon noir des Nebrodi<\/b><span style=\"font-weight: 400;\">.\u00a0<\/span><\/p>\n<p><span style=\"font-weight: 400;\">La visite des <\/span><a href=\"\/fr\/?p=2856\"><b>anciens march\u00e9s<\/b><\/a><span style=\"font-weight: 400;\"> sera toutefois le meilleur moyen de s&rsquo;immerger dans les saveurs extr\u00eames, piquantes, \u00e9pic\u00e9es et les plus authentiques de <\/span>la<a href=\"\/fr\/?p=1060\"><b> cuisine de rue sicilienne street food<\/b><\/a><span style=\"font-weight: 400;\">, l&rsquo;une des plus c\u00e9l\u00e8bres au monde. Son symbole iconique, l&rsquo;<\/span><a href=\"\/fr\/?p=2958\"><b>arancin <\/b><\/a><i><span style=\"font-weight: 400;\">de la discorde<\/span><\/i><span style=\"font-weight: 400;\">, nous unit finalement tous dans sa v\u00e9n\u00e9ration.<\/span><\/p>\n<p><span style=\"font-weight: 400;\">La Sicile, berceau du <\/span><a href=\"\/fr\/?p=15662\"><b>r\u00e9gime m\u00e9diterran\u00e9en<\/b><\/a><span style=\"font-weight: 400;\">, vous surprendra avec mille combinaisons d&rsquo;ingr\u00e9dients pauvres qui enrichissent les menus v\u00e9g\u00e9tariens.\u00a0<\/span><\/p>\n<p><span style=\"font-weight: 400;\">Et si vous vous demandez si la Sicile est la bonne destination pour vous, vous trouverez la r\u00e9ponse que vous cherchez dans votre verre de <\/span><a href=\"\/fr\/?p=4635\"><b>vin<\/b><\/a><span style=\"font-weight: 400;\">. D\u00e9couvrez toutes les saveurs de votre \u00eele heureuse.<\/span><\/p>\n<\/div><\/div><\/div><\/div><\/div><div class=\"fusion-fullwidth fullwidth-box fusion-builder-row-3 fusion-flex-container nonhundred-percent-fullwidth non-hundred-percent-height-scrolling\" style=\"--awb-border-radius-top-left:0px;--awb-border-radius-top-right:0px;--awb-border-radius-bottom-right:0px;--awb-border-radius-bottom-left:0px;--awb-padding-right-medium:15px;--awb-padding-left-medium:15px;--awb-flex-wrap:wrap;\" id=\"detail-related-block\" ><div class=\"fusion-builder-row fusion-row fusion-flex-align-items-flex-start fusion-flex-content-wrap\" style=\"max-width:1248px;margin-left: calc(-4% \/ 2 );margin-right: calc(-4% \/ 2 );\"><div class=\"fusion-layout-column fusion_builder_column fusion-builder-column-2 fusion_builder_column_1_1 1_1 fusion-flex-column\" style=\"--awb-bg-size:cover;--awb-width-large:100%;--awb-margin-top-large:0px;--awb-spacing-right-large:1.92%;--awb-margin-bottom-large:20px;--awb-spacing-left-large:1.92%;--awb-width-medium:100%;--awb-order-medium:0;--awb-spacing-right-medium:1.92%;--awb-spacing-left-medium:1.92%;--awb-width-small:100%;--awb-order-small:0;--awb-spacing-right-small:1.92%;--awb-spacing-left-small:1.92%;\"><div class=\"fusion-column-wrapper fusion-column-has-shadow fusion-flex-justify-content-flex-start fusion-content-layout-column\"><div class=\"fusion-text fusion-text-3 fusion-text-no-margin\" style=\"--awb-content-alignment:center;--awb-font-size:40px;--awb-text-transform:uppercase;--awb-text-color:#000000;--awb-margin-bottom:40px;--awb-text-font-family:&quot;Poppins&quot;;--awb-text-font-style:normal;--awb-text-font-weight:700;\"><p>EN <span style=\"color: #df5c40;\">\u00c9VIDENCE<\/span><\/p>\n<\/div><div style=\"text-align:center;\"><a class=\"fusion-button button-flat fusion-button-default-size button-default fusion-button-default button-1 fusion-button-default-span \" style=\"--button_text_transform:uppercase;\" target=\"_self\" href=\"\/fr\/sapore\/\"><span class=\"fusion-button-text\">VOIR TOUT<\/span><\/a><\/div><\/div><\/div><\/div><\/div><\/p>\n","protected":false},"excerpt":{"rendered":"","protected":false},"author":33,"featured_media":0,"parent":0,"menu_order":0,"comment_status":"closed","ping_status":"closed","template":"100-width.php","meta":{"footnotes":""},"acf":[],"yoast_head":"<!-- This site is optimized with the Yoast SEO plugin v22.0 - https:\/\/yoast.com\/wordpress\/plugins\/seo\/ -->\n<title>Sito Ufficiale del Turismo in Sicilia - Visit Sicily<\/title>\n<meta name=\"description\" content=\"Il sito ufficiale del turismo in Sicilia. Trova tutte le informazioni utili per il tuo viaggio in Sicilia: attrazioni, idee, itinerari, eventi, offerte, ricette e proposte di viaggio.\" \/>\n<meta name=\"robots\" content=\"noindex, follow, max-snippet:-1, max-image-preview:large, max-video-preview:-1\" \/>\n<meta property=\"og:locale\" content=\"fr_FR\" \/>\n<meta property=\"og:type\" content=\"article\" \/>\n<meta property=\"og:title\" content=\"Sito Ufficiale del Turismo in Sicilia - Visit Sicily\" \/>\n<meta property=\"og:description\" content=\"Il sito ufficiale del turismo in Sicilia. Trova tutte le informazioni utili per il tuo viaggio in Sicilia: attrazioni, idee, itinerari, eventi, offerte, ricette e proposte di viaggio.\" \/>\n<meta property=\"og:url\" content=\"https:\/\/visitsicily.altrama.com\/fr\/sapori\/\" \/>\n<meta property=\"og:site_name\" content=\"Visit Sicily\" \/>\n<meta property=\"article:publisher\" content=\"https:\/\/www.facebook.com\/visitsicily.info\/\" \/>\n<meta property=\"article:modified_time\" content=\"2022-06-24T17:58:21+00:00\" \/>\n<meta property=\"og:image\" content=\"https:\/\/visitsicily.altrama.com\/wp-content\/uploads\/2021\/12\/Schermata-2021-12-06-alle-14.51.18-1024x603.png\" \/>\n\t<meta property=\"og:image:width\" content=\"1024\" \/>\n\t<meta property=\"og:image:height\" content=\"603\" \/>\n\t<meta property=\"og:image:type\" content=\"image\/png\" \/>\n<meta name=\"twitter:card\" content=\"summary_large_image\" \/>\n<meta name=\"twitter:site\" content=\"@VisitSicilyOP\" \/>\n<meta name=\"twitter:label1\" content=\"Dur\u00e9e de lecture estim\u00e9e\" \/>\n\t<meta name=\"twitter:data1\" content=\"15 minutes\" \/>\n<script type=\"application\/ld+json\" class=\"yoast-schema-graph\">{\"@context\":\"https:\/\/schema.org\",\"@graph\":[{\"@type\":\"WebPage\",\"@id\":\"https:\/\/visitsicily.altrama.com\/fr\/sapori\/\",\"url\":\"https:\/\/visitsicily.altrama.com\/fr\/sapori\/\",\"name\":\"Sito Ufficiale del Turismo in Sicilia - Visit Sicily\",\"isPartOf\":{\"@id\":\"https:\/\/visitsicily.altrama.com\/fr\/#website\"},\"datePublished\":\"2021-10-25T07:00:43+00:00\",\"dateModified\":\"2022-06-24T17:58:21+00:00\",\"description\":\"Il sito ufficiale del turismo in Sicilia. Trova tutte le informazioni utili per il tuo viaggio in Sicilia: attrazioni, idee, itinerari, eventi, offerte, ricette e proposte di viaggio.\",\"breadcrumb\":{\"@id\":\"https:\/\/visitsicily.altrama.com\/fr\/sapori\/#breadcrumb\"},\"inLanguage\":\"fr-FR\",\"potentialAction\":[{\"@type\":\"ReadAction\",\"target\":[\"https:\/\/visitsicily.altrama.com\/fr\/sapori\/\"]}]},{\"@type\":\"BreadcrumbList\",\"@id\":\"https:\/\/visitsicily.altrama.com\/fr\/sapori\/#breadcrumb\",\"itemListElement\":[{\"@type\":\"ListItem\",\"position\":1,\"name\":\"Home\",\"item\":\"https:\/\/visitsicily.altrama.com\/fr\/homepage-altrama\/\"},{\"@type\":\"ListItem\",\"position\":2,\"name\":\"sapore-hp\"}]},{\"@type\":\"WebSite\",\"@id\":\"https:\/\/visitsicily.altrama.com\/fr\/#website\",\"url\":\"https:\/\/visitsicily.altrama.com\/fr\/\",\"name\":\"Visit Sicily\",\"description\":\"Island of art\",\"publisher\":{\"@id\":\"https:\/\/visitsicily.altrama.com\/fr\/#organization\"},\"potentialAction\":[{\"@type\":\"SearchAction\",\"target\":{\"@type\":\"EntryPoint\",\"urlTemplate\":\"https:\/\/visitsicily.altrama.com\/fr\/?s={search_term_string}\"},\"query-input\":\"required name=search_term_string\"}],\"inLanguage\":\"fr-FR\"},{\"@type\":\"Organization\",\"@id\":\"https:\/\/visitsicily.altrama.com\/fr\/#organization\",\"name\":\"Regione Siciliana\",\"url\":\"https:\/\/visitsicily.altrama.com\/fr\/\",\"logo\":{\"@type\":\"ImageObject\",\"inLanguage\":\"fr-FR\",\"@id\":\"https:\/\/visitsicily.altrama.com\/fr\/#\/schema\/logo\/image\/\",\"url\":\"https:\/\/visitsicily.altrama.com\/wp-content\/uploads\/2021\/05\/regione-siciliana-logo2.png\",\"contentUrl\":\"https:\/\/visitsicily.altrama.com\/wp-content\/uploads\/2021\/05\/regione-siciliana-logo2.png\",\"width\":200,\"height\":200,\"caption\":\"Regione Siciliana\"},\"image\":{\"@id\":\"https:\/\/visitsicily.altrama.com\/fr\/#\/schema\/logo\/image\/\"},\"sameAs\":[\"https:\/\/www.facebook.com\/visitsicily.info\/\",\"https:\/\/twitter.com\/VisitSicilyOP\",\"https:\/\/www.instagram.com\/ig_visitsicily\/\",\"https:\/\/www.pinterest.com\/visitsicilyOP\/followers\/\",\"https:\/\/www.youtube.com\/user\/siciliaturismo\"]}]}<\/script>\n<!-- \/ Yoast SEO plugin. -->","yoast_head_json":{"title":"Sito Ufficiale del Turismo in Sicilia - Visit Sicily","description":"Il sito ufficiale del turismo in Sicilia. Trova tutte le informazioni utili per il tuo viaggio in Sicilia: attrazioni, idee, itinerari, eventi, offerte, ricette e proposte di viaggio.","robots":{"index":"noindex","follow":"follow","max-snippet":"max-snippet:-1","max-image-preview":"max-image-preview:large","max-video-preview":"max-video-preview:-1"},"og_locale":"fr_FR","og_type":"article","og_title":"Sito Ufficiale del Turismo in Sicilia - Visit Sicily","og_description":"Il sito ufficiale del turismo in Sicilia. Trova tutte le informazioni utili per il tuo viaggio in Sicilia: attrazioni, idee, itinerari, eventi, offerte, ricette e proposte di viaggio.","og_url":"https:\/\/visitsicily.altrama.com\/fr\/sapori\/","og_site_name":"Visit Sicily","article_publisher":"https:\/\/www.facebook.com\/visitsicily.info\/","article_modified_time":"2022-06-24T17:58:21+00:00","og_image":[{"width":1024,"height":603,"url":"https:\/\/visitsicily.altrama.com\/wp-content\/uploads\/2021\/12\/Schermata-2021-12-06-alle-14.51.18-1024x603.png","type":"image\/png"}],"twitter_card":"summary_large_image","twitter_site":"@VisitSicilyOP","twitter_misc":{"Dur\u00e9e de lecture estim\u00e9e":"15 minutes"},"schema":{"@context":"https:\/\/schema.org","@graph":[{"@type":"WebPage","@id":"https:\/\/visitsicily.altrama.com\/fr\/sapori\/","url":"https:\/\/visitsicily.altrama.com\/fr\/sapori\/","name":"Sito Ufficiale del Turismo in Sicilia - Visit Sicily","isPartOf":{"@id":"https:\/\/visitsicily.altrama.com\/fr\/#website"},"datePublished":"2021-10-25T07:00:43+00:00","dateModified":"2022-06-24T17:58:21+00:00","description":"Il sito ufficiale del turismo in Sicilia. Trova tutte le informazioni utili per il tuo viaggio in Sicilia: attrazioni, idee, itinerari, eventi, offerte, ricette e proposte di viaggio.","breadcrumb":{"@id":"https:\/\/visitsicily.altrama.com\/fr\/sapori\/#breadcrumb"},"inLanguage":"fr-FR","potentialAction":[{"@type":"ReadAction","target":["https:\/\/visitsicily.altrama.com\/fr\/sapori\/"]}]},{"@type":"BreadcrumbList","@id":"https:\/\/visitsicily.altrama.com\/fr\/sapori\/#breadcrumb","itemListElement":[{"@type":"ListItem","position":1,"name":"Home","item":"https:\/\/visitsicily.altrama.com\/fr\/homepage-altrama\/"},{"@type":"ListItem","position":2,"name":"sapore-hp"}]},{"@type":"WebSite","@id":"https:\/\/visitsicily.altrama.com\/fr\/#website","url":"https:\/\/visitsicily.altrama.com\/fr\/","name":"Visit Sicily","description":"Island of art","publisher":{"@id":"https:\/\/visitsicily.altrama.com\/fr\/#organization"},"potentialAction":[{"@type":"SearchAction","target":{"@type":"EntryPoint","urlTemplate":"https:\/\/visitsicily.altrama.com\/fr\/?s={search_term_string}"},"query-input":"required name=search_term_string"}],"inLanguage":"fr-FR"},{"@type":"Organization","@id":"https:\/\/visitsicily.altrama.com\/fr\/#organization","name":"Regione Siciliana","url":"https:\/\/visitsicily.altrama.com\/fr\/","logo":{"@type":"ImageObject","inLanguage":"fr-FR","@id":"https:\/\/visitsicily.altrama.com\/fr\/#\/schema\/logo\/image\/","url":"https:\/\/visitsicily.altrama.com\/wp-content\/uploads\/2021\/05\/regione-siciliana-logo2.png","contentUrl":"https:\/\/visitsicily.altrama.com\/wp-content\/uploads\/2021\/05\/regione-siciliana-logo2.png","width":200,"height":200,"caption":"Regione Siciliana"},"image":{"@id":"https:\/\/visitsicily.altrama.com\/fr\/#\/schema\/logo\/image\/"},"sameAs":["https:\/\/www.facebook.com\/visitsicily.info\/","https:\/\/twitter.com\/VisitSicilyOP","https:\/\/www.instagram.com\/ig_visitsicily\/","https:\/\/www.pinterest.com\/visitsicilyOP\/followers\/","https:\/\/www.youtube.com\/user\/siciliaturismo"]}]}},"_links":{"self":[{"href":"https:\/\/visitsicily.altrama.com\/fr\/wp-json\/wp\/v2\/pages\/47189"}],"collection":[{"href":"https:\/\/visitsicily.altrama.com\/fr\/wp-json\/wp\/v2\/pages"}],"about":[{"href":"https:\/\/visitsicily.altrama.com\/fr\/wp-json\/wp\/v2\/types\/page"}],"author":[{"embeddable":true,"href":"https:\/\/visitsicily.altrama.com\/fr\/wp-json\/wp\/v2\/users\/33"}],"replies":[{"embeddable":true,"href":"https:\/\/visitsicily.altrama.com\/fr\/wp-json\/wp\/v2\/comments?post=47189"}],"version-history":[{"count":3,"href":"https:\/\/visitsicily.altrama.com\/fr\/wp-json\/wp\/v2\/pages\/47189\/revisions"}],"predecessor-version":[{"id":65099,"href":"https:\/\/visitsicily.altrama.com\/fr\/wp-json\/wp\/v2\/pages\/47189\/revisions\/65099"}],"wp:attachment":[{"href":"https:\/\/visitsicily.altrama.com\/fr\/wp-json\/wp\/v2\/media?parent=47189"}],"curies":[{"name":"wp","href":"https:\/\/api.w.org\/{rel}","templated":true}]}}